{"id":849,"date":"2023-06-27T05:11:12","date_gmt":"2023-06-27T05:11:12","guid":{"rendered":"https:\/\/4.webdemo.io.vn\/?page_id=849"},"modified":"2024-10-20T07:49:59","modified_gmt":"2024-10-20T14:49:59","slug":"an-pham","status":"publish","type":"page","link":"https:\/\/www.dnp-law.com\/vi\/tai-nguyen\/an-pham\/","title":{"rendered":"\u1ea4n ph\u1ea9m"},"content":{"rendered":"\t\t<div data-elementor-type=\"wp-page\" data-elementor-id=\"849\" class=\"elementor elementor-849\">\n\t\t\t\t\t\t<section class=\"elementor-section elementor-top-section elementor-element elementor-element-cd27c1c elementor-section-full_width elementor-section-stretched elementor-section-height-default elementor-section-height-default\" data-id=\"cd27c1c\" data-element_type=\"section\" data-settings=\"{&quot;stretch_section&quot;:&quot;section-stretched&quot;,&quot;wdt_bg_image&quot;:{&quot;url&quot;:&quot;&quot;,&quot;id&quot;:&quot;&quot;,&quot;size&quot;:&quot;&quot;},&quot;wdt_bg_image_laptop&quot;:{&quot;url&quot;:&quot;&quot;,&quot;id&quot;:&quot;&quot;,&quot;size&quot;:&quot;&quot;},&quot;wdt_bg_image_tablet_extra&quot;:{&quot;url&quot;:&quot;&quot;,&quot;id&quot;:&quot;&quot;,&quot;size&quot;:&quot;&quot;},&quot;wdt_bg_image_tablet&quot;:{&quot;url&quot;:&quot;&quot;,&quot;id&quot;:&quot;&quot;,&quot;size&quot;:&quot;&quot;},&quot;wdt_bg_image_mobile_extra&quot;:{&quot;url&quot;:&quot;&quot;,&quot;id&quot;:&quot;&quot;,&quot;size&quot;:&quot;&quot;},&quot;wdt_bg_image_mobile&quot;:{&quot;url&quot;:&quot;&quot;,&quot;id&quot;:&quot;&quot;,&quot;size&quot;:&quot;&quot;},&quot;wdt_bg_position&quot;:&quot;center center&quot;,&quot;wdt_animation_effect&quot;:&quot;none&quot;}\">\n\t\t\t\t\t\t<div class=\"elementor-container elementor-column-gap-no\">\n\t\t\t\t\t<div class=\"elementor-column elementor-col-100 elementor-top-column elementor-element elementor-element-e02e375\" data-id=\"e02e375\" data-element_type=\"column\">\n\t\t\t<div class=\"elementor-widget-wrap elementor-element-populated\">\n\t\t\t\t\t\t<div class=\"elementor-element elementor-element-fc527d6 animated-fast elementor-invisible elementor-widget elementor-widget-wdt-blog-posts\" data-id=\"fc527d6\" data-element_type=\"widget\" data-settings=\"{&quot;_animation&quot;:&quot;fadeInLeft&quot;,&quot;wdt_animation_effect&quot;:&quot;none&quot;}\" data-widget_type=\"wdt-blog-posts.default\">\n\t\t\t\t<div class=\"elementor-widget-container\">\n\t\t\t<div class=\"wdt-posts-list-wrapper  wdt-post-list-carousel-fc527d6\" ><div class='tpl-blog-holder  apply-isotope  '><div class='grid-sizer  entry-list-layout wdt-simple-style entry-left-thumb wdt-fadeinleft-hover wdt-default-overlay column wdt-one-column wdt-post-entry '><\/div><div class=\" entry-list-layout wdt-simple-style entry-left-thumb wdt-fadeinleft-hover wdt-default-overlay column wdt-one-column wdt-post-entry  \"><article id=\"post-6485\" class=\"post-6485 post type-post status-publish format-standard has-post-thumbnail hentry category-an-pham category-tai-lieu blog-entry\">\n\n\n\t<!-- Featured Image -->\n\t<div class=\"entry-thumb\">\n\t\t\n<div class=\"blog-image\"><a style=background-image:url(https:\/\/www.dnp-law.com\/vi\/wp-content\/uploads\/2026\/04\/bia-mau-3-1.png) href=\"https:\/\/www.dnp-law.com\/vi\/hoi-cho-trien-lam-thuong-mai-tai-viet-nam-dieu-kien-va-quy-trinh-to-chuc\/\" title=\"Permalink to H\u1ed9i ch\u1ee3, tri\u1ec3n l\u00e3m th\u01b0\u01a1ng m\u1ea1i t\u1ea1i Vi\u1ec7t Nam: \u0110i\u1ec1u ki\u1ec7n v\u00e0 quy tr\u00ecnh t\u1ed5 ch\u1ee9c\"><\/a><\/div>\n        <\/div><!-- Featured Image --><div class=\"entry-meta-group\">\r\n<!-- Entry Date -->\r\n<div class=\"entry-date\">\r\n\t<!-- <i class=\"wdticon-calendar\"> <\/i> -->\r\n\t24 Th\u00e1ng 4, 2026<\/div><!-- Entry Date -->\n<!-- Entry Author -->\n<div class=\"entry-author\">\n    <i class=\"wdticon-user\"> <\/i>\n    <a href=\"https:\/\/www.dnp-law.com\/vi\/author\/admin\/\"\n        title=\"View all posts by admin\">admin<\/a>\n<\/div><!-- Entry Author --><\/div>\n<!-- Entry Title -->\n<div class=\"entry-title\">\n\t<h4>    \t<a href=\"https:\/\/www.dnp-law.com\/vi\/hoi-cho-trien-lam-thuong-mai-tai-viet-nam-dieu-kien-va-quy-trinh-to-chuc\/\" title=\"Permalink to H\u1ed9i ch\u1ee3, tri\u1ec3n l\u00e3m th\u01b0\u01a1ng m\u1ea1i t\u1ea1i Vi\u1ec7t Nam: \u0110i\u1ec1u ki\u1ec7n v\u00e0 quy tr\u00ecnh t\u1ed5 ch\u1ee9c\">H\u1ed9i ch\u1ee3, tri\u1ec3n l\u00e3m th\u01b0\u01a1ng m\u1ea1i t\u1ea1i Vi\u1ec7t Nam: \u0110i\u1ec1u ki\u1ec7n v\u00e0 quy tr\u00ecnh t\u1ed5 ch\u1ee9c<\/a>\n\t<\/h4>\n<\/div><!-- Entry Title -->\n<!-- Entry Button --><div class=\"entry-button wdt-core-button\"><a href=\"https:\/\/www.dnp-law.com\/vi\/hoi-cho-trien-lam-thuong-mai-tai-viet-nam-dieu-kien-va-quy-trinh-to-chuc\/\" title=\"H\u1ed9i ch\u1ee3, tri\u1ec3n l\u00e3m th\u01b0\u01a1ng m\u1ea1i t\u1ea1i Vi\u1ec7t Nam: \u0110i\u1ec1u ki\u1ec7n v\u00e0 quy tr\u00ecnh t\u1ed5 ch\u1ee9c\" class=\"wdt-button\">Xem th\u00eam<span><svg xmlns=\"http:\/\/www.w3.org\/2000\/svg\" xmlns:xlink=\"http:\/\/www.w3.org\/1999\/xlink\" x=\"0px\" y=\"0px\" viewBox=\"0 0 100 59\" style=\"enable-background:new 0 0 100 59;\" xml:space=\"preserve\"><polygon points=\"59.9,6.1 79.4,25.7 6,25.7 6,33.3 79.4,33.3 59.9,52.9 65.3,58.2 94,29.5 65.3,0.8 \"><\/polygon><\/svg><\/span><\/a><\/div><!-- Entry Button --><\/article><\/div><div class=\" entry-list-layout wdt-simple-style entry-left-thumb wdt-fadeinleft-hover wdt-default-overlay column wdt-one-column wdt-post-entry  \"><article id=\"post-6480\" class=\"post-6480 post type-post status-publish format-standard has-post-thumbnail hentry category-an-pham category-tai-lieu blog-entry\">\n\n\n\t<!-- Featured Image -->\n\t<div class=\"entry-thumb\">\n\t\t\n<div class=\"blog-image\"><a style=background-image:url(https:\/\/www.dnp-law.com\/vi\/wp-content\/uploads\/2026\/04\/bia-mau-2-2.png) href=\"https:\/\/www.dnp-law.com\/vi\/cap-giay-phep-lap-co-so-ban-le-de-tiep-tuc-hoat-dong-ho-so-va-quy-trinh-thuc-hien\/\" title=\"Permalink to C\u1ea5p Gi\u1ea5y ph\u00e9p l\u1eadp c\u01a1 s\u1edf b\u00e1n l\u1ebb \u0111\u1ec3 ti\u1ebfp t\u1ee5c ho\u1ea1t \u0111\u1ed9ng: H\u1ed3 s\u01a1 v\u00e0 quy tr\u00ecnh th\u1ef1c hi\u1ec7n\"><\/a><\/div>\n        <\/div><!-- Featured Image --><div class=\"entry-meta-group\">\r\n<!-- Entry Date -->\r\n<div class=\"entry-date\">\r\n\t<!-- <i class=\"wdticon-calendar\"> <\/i> -->\r\n\t19 Th\u00e1ng 4, 2026<\/div><!-- Entry Date -->\n<!-- Entry Author -->\n<div class=\"entry-author\">\n    <i class=\"wdticon-user\"> <\/i>\n    <a href=\"https:\/\/www.dnp-law.com\/vi\/author\/admin\/\"\n        title=\"View all posts by admin\">admin<\/a>\n<\/div><!-- Entry Author --><\/div>\n<!-- Entry Title -->\n<div class=\"entry-title\">\n\t<h4>    \t<a href=\"https:\/\/www.dnp-law.com\/vi\/cap-giay-phep-lap-co-so-ban-le-de-tiep-tuc-hoat-dong-ho-so-va-quy-trinh-thuc-hien\/\" title=\"Permalink to C\u1ea5p Gi\u1ea5y ph\u00e9p l\u1eadp c\u01a1 s\u1edf b\u00e1n l\u1ebb \u0111\u1ec3 ti\u1ebfp t\u1ee5c ho\u1ea1t \u0111\u1ed9ng: H\u1ed3 s\u01a1 v\u00e0 quy tr\u00ecnh th\u1ef1c hi\u1ec7n\">C\u1ea5p Gi\u1ea5y ph\u00e9p l\u1eadp c\u01a1 s\u1edf b\u00e1n l\u1ebb \u0111\u1ec3 ti\u1ebfp t\u1ee5c ho\u1ea1t \u0111\u1ed9ng: H\u1ed3 s\u01a1 v\u00e0 quy tr\u00ecnh th\u1ef1c hi\u1ec7n<\/a>\n\t<\/h4>\n<\/div><!-- Entry Title -->\n<!-- Entry Button --><div class=\"entry-button wdt-core-button\"><a href=\"https:\/\/www.dnp-law.com\/vi\/cap-giay-phep-lap-co-so-ban-le-de-tiep-tuc-hoat-dong-ho-so-va-quy-trinh-thuc-hien\/\" title=\"C\u1ea5p Gi\u1ea5y ph\u00e9p l\u1eadp c\u01a1 s\u1edf b\u00e1n l\u1ebb \u0111\u1ec3 ti\u1ebfp t\u1ee5c ho\u1ea1t \u0111\u1ed9ng: H\u1ed3 s\u01a1 v\u00e0 quy tr\u00ecnh th\u1ef1c hi\u1ec7n\" class=\"wdt-button\">Xem th\u00eam<span><svg xmlns=\"http:\/\/www.w3.org\/2000\/svg\" xmlns:xlink=\"http:\/\/www.w3.org\/1999\/xlink\" x=\"0px\" y=\"0px\" viewBox=\"0 0 100 59\" style=\"enable-background:new 0 0 100 59;\" xml:space=\"preserve\"><polygon points=\"59.9,6.1 79.4,25.7 6,25.7 6,33.3 79.4,33.3 59.9,52.9 65.3,58.2 94,29.5 65.3,0.8 \"><\/polygon><\/svg><\/span><\/a><\/div><!-- Entry Button --><\/article><\/div><div class=\" entry-list-layout wdt-simple-style entry-left-thumb wdt-fadeinleft-hover wdt-default-overlay column wdt-one-column wdt-post-entry  \"><article id=\"post-6476\" class=\"post-6476 post type-post status-publish format-standard has-post-thumbnail hentry category-an-pham category-tai-lieu blog-entry\">\n\n\n\t<!-- Featured Image -->\n\t<div class=\"entry-thumb\">\n\t\t\n<div class=\"blog-image\"><a style=background-image:url(https:\/\/www.dnp-law.com\/vi\/wp-content\/uploads\/2026\/04\/bia-mau-2-1.png) href=\"https:\/\/www.dnp-law.com\/vi\/ent-la-gi-dieu-kien-kiem-tra-nhu-cau-kinh-te-khi-lap-co-so-ban-le-thu-hai\/\" title=\"Permalink to ENT l\u00e0 g\u00ec? \u0110i\u1ec1u ki\u1ec7n ki\u1ec3m tra nhu c\u1ea7u kinh t\u1ebf khi l\u1eadp c\u01a1 s\u1edf b\u00e1n l\u1ebb th\u1ee9 hai\"><\/a><\/div>\n        <\/div><!-- Featured Image --><div class=\"entry-meta-group\">\r\n<!-- Entry Date -->\r\n<div class=\"entry-date\">\r\n\t<!-- <i class=\"wdticon-calendar\"> <\/i> -->\r\n\t16 Th\u00e1ng 4, 2026<\/div><!-- Entry Date -->\n<!-- Entry Author -->\n<div class=\"entry-author\">\n    <i class=\"wdticon-user\"> <\/i>\n    <a href=\"https:\/\/www.dnp-law.com\/vi\/author\/admin\/\"\n        title=\"View all posts by admin\">admin<\/a>\n<\/div><!-- Entry Author --><\/div>\n<!-- Entry Title -->\n<div class=\"entry-title\">\n\t<h4>    \t<a href=\"https:\/\/www.dnp-law.com\/vi\/ent-la-gi-dieu-kien-kiem-tra-nhu-cau-kinh-te-khi-lap-co-so-ban-le-thu-hai\/\" title=\"Permalink to ENT l\u00e0 g\u00ec? \u0110i\u1ec1u ki\u1ec7n ki\u1ec3m tra nhu c\u1ea7u kinh t\u1ebf khi l\u1eadp c\u01a1 s\u1edf b\u00e1n l\u1ebb th\u1ee9 hai\">ENT l\u00e0 g\u00ec? \u0110i\u1ec1u ki\u1ec7n ki\u1ec3m tra nhu c\u1ea7u kinh t\u1ebf khi l\u1eadp c\u01a1 s\u1edf b\u00e1n l\u1ebb th\u1ee9 hai<\/a>\n\t<\/h4>\n<\/div><!-- Entry Title -->\n<!-- Entry Button --><div class=\"entry-button wdt-core-button\"><a href=\"https:\/\/www.dnp-law.com\/vi\/ent-la-gi-dieu-kien-kiem-tra-nhu-cau-kinh-te-khi-lap-co-so-ban-le-thu-hai\/\" title=\"ENT l\u00e0 g\u00ec? \u0110i\u1ec1u ki\u1ec7n ki\u1ec3m tra nhu c\u1ea7u kinh t\u1ebf khi l\u1eadp c\u01a1 s\u1edf b\u00e1n l\u1ebb th\u1ee9 hai\" class=\"wdt-button\">Xem th\u00eam<span><svg xmlns=\"http:\/\/www.w3.org\/2000\/svg\" xmlns:xlink=\"http:\/\/www.w3.org\/1999\/xlink\" x=\"0px\" y=\"0px\" viewBox=\"0 0 100 59\" style=\"enable-background:new 0 0 100 59;\" xml:space=\"preserve\"><polygon points=\"59.9,6.1 79.4,25.7 6,25.7 6,33.3 79.4,33.3 59.9,52.9 65.3,58.2 94,29.5 65.3,0.8 \"><\/polygon><\/svg><\/span><\/a><\/div><!-- Entry Button --><\/article><\/div><div class=\" entry-list-layout wdt-simple-style entry-left-thumb wdt-fadeinleft-hover wdt-default-overlay column wdt-one-column wdt-post-entry  \"><article id=\"post-6469\" class=\"post-6469 post type-post status-publish format-standard has-post-thumbnail hentry category-an-pham category-tai-lieu blog-entry\">\n\n\n\t<!-- Featured Image -->\n\t<div class=\"entry-thumb\">\n\t\t\n<div class=\"blog-image\"><a style=background-image:url(https:\/\/www.dnp-law.com\/vi\/wp-content\/uploads\/2026\/04\/bia-mau-6.png) href=\"https:\/\/www.dnp-law.com\/vi\/thong-tu-08-2026-tt-bkhcn-quy-dinh-moi-ve-xac-thuc-thong-tin-thue-bao-di-dong\/\" title=\"Permalink to Th\u00f4ng t\u01b0 08\/2026\/TT-BKHCN: Quy \u0111\u1ecbnh m\u1edbi v\u1ec1 x\u00e1c th\u1ef1c th\u00f4ng tin thu\u00ea bao di \u0111\u1ed9ng\"><\/a><\/div>\n        <\/div><!-- Featured Image --><div class=\"entry-meta-group\">\r\n<!-- Entry Date -->\r\n<div class=\"entry-date\">\r\n\t<!-- <i class=\"wdticon-calendar\"> <\/i> -->\r\n\t14 Th\u00e1ng 4, 2026<\/div><!-- Entry Date -->\n<!-- Entry Author -->\n<div class=\"entry-author\">\n    <i class=\"wdticon-user\"> <\/i>\n    <a href=\"https:\/\/www.dnp-law.com\/vi\/author\/admin\/\"\n        title=\"View all posts by admin\">admin<\/a>\n<\/div><!-- Entry Author --><\/div>\n<!-- Entry Title -->\n<div class=\"entry-title\">\n\t<h4>    \t<a href=\"https:\/\/www.dnp-law.com\/vi\/thong-tu-08-2026-tt-bkhcn-quy-dinh-moi-ve-xac-thuc-thong-tin-thue-bao-di-dong\/\" title=\"Permalink to Th\u00f4ng t\u01b0 08\/2026\/TT-BKHCN: Quy \u0111\u1ecbnh m\u1edbi v\u1ec1 x\u00e1c th\u1ef1c th\u00f4ng tin thu\u00ea bao di \u0111\u1ed9ng\">Th\u00f4ng t\u01b0 08\/2026\/TT-BKHCN: Quy \u0111\u1ecbnh m\u1edbi v\u1ec1 x\u00e1c th\u1ef1c th\u00f4ng tin thu\u00ea bao di \u0111\u1ed9ng<\/a>\n\t<\/h4>\n<\/div><!-- Entry Title -->\n<!-- Entry Button --><div class=\"entry-button wdt-core-button\"><a href=\"https:\/\/www.dnp-law.com\/vi\/thong-tu-08-2026-tt-bkhcn-quy-dinh-moi-ve-xac-thuc-thong-tin-thue-bao-di-dong\/\" title=\"Th\u00f4ng t\u01b0 08\/2026\/TT-BKHCN: Quy \u0111\u1ecbnh m\u1edbi v\u1ec1 x\u00e1c th\u1ef1c th\u00f4ng tin thu\u00ea bao di \u0111\u1ed9ng\" class=\"wdt-button\">Xem th\u00eam<span><svg xmlns=\"http:\/\/www.w3.org\/2000\/svg\" xmlns:xlink=\"http:\/\/www.w3.org\/1999\/xlink\" x=\"0px\" y=\"0px\" viewBox=\"0 0 100 59\" style=\"enable-background:new 0 0 100 59;\" xml:space=\"preserve\"><polygon points=\"59.9,6.1 79.4,25.7 6,25.7 6,33.3 79.4,33.3 59.9,52.9 65.3,58.2 94,29.5 65.3,0.8 \"><\/polygon><\/svg><\/span><\/a><\/div><!-- Entry Button --><\/article><\/div><div class=\" entry-list-layout wdt-simple-style entry-left-thumb wdt-fadeinleft-hover wdt-default-overlay column wdt-one-column wdt-post-entry  \"><article id=\"post-6466\" class=\"post-6466 post type-post status-publish format-standard has-post-thumbnail hentry category-an-pham category-tai-lieu blog-entry\">\n\n\n\t<!-- Featured Image -->\n\t<div class=\"entry-thumb\">\n\t\t\n<div class=\"blog-image\"><a style=background-image:url(https:\/\/www.dnp-law.com\/vi\/wp-content\/uploads\/2026\/04\/bia-mau-3.png) href=\"https:\/\/www.dnp-law.com\/vi\/giay-phep-kinh-doanh-theo-nghi-dinh-09-2018-nd-cp-truong-hop-phai-xin-ho-so-va-trinh-tu-thu-tuc-moi-nhat\/\" title=\"Permalink to Gi\u1ea5y ph\u00e9p kinh doanh theo Ngh\u1ecb \u0111\u1ecbnh 09\/2018\/N\u0110-CP: Tr\u01b0\u1eddng h\u1ee3p ph\u1ea3i xin, h\u1ed3 s\u01a1 v\u00e0 tr\u00ecnh t\u1ef1 th\u1ee7 t\u1ee5c m\u1edbi nh\u1ea5t\"><\/a><\/div>\n        <\/div><!-- Featured Image --><div class=\"entry-meta-group\">\r\n<!-- Entry Date -->\r\n<div class=\"entry-date\">\r\n\t<!-- <i class=\"wdticon-calendar\"> <\/i> -->\r\n\t11 Th\u00e1ng 4, 2026<\/div><!-- Entry Date -->\n<!-- Entry Author -->\n<div class=\"entry-author\">\n    <i class=\"wdticon-user\"> <\/i>\n    <a href=\"https:\/\/www.dnp-law.com\/vi\/author\/admin\/\"\n        title=\"View all posts by admin\">admin<\/a>\n<\/div><!-- Entry Author --><\/div>\n<!-- Entry Title -->\n<div class=\"entry-title\">\n\t<h4>    \t<a href=\"https:\/\/www.dnp-law.com\/vi\/giay-phep-kinh-doanh-theo-nghi-dinh-09-2018-nd-cp-truong-hop-phai-xin-ho-so-va-trinh-tu-thu-tuc-moi-nhat\/\" title=\"Permalink to Gi\u1ea5y ph\u00e9p kinh doanh theo Ngh\u1ecb \u0111\u1ecbnh 09\/2018\/N\u0110-CP: Tr\u01b0\u1eddng h\u1ee3p ph\u1ea3i xin, h\u1ed3 s\u01a1 v\u00e0 tr\u00ecnh t\u1ef1 th\u1ee7 t\u1ee5c m\u1edbi nh\u1ea5t\">Gi\u1ea5y ph\u00e9p kinh doanh theo Ngh\u1ecb \u0111\u1ecbnh 09\/2018\/N\u0110-CP: Tr\u01b0\u1eddng h\u1ee3p ph\u1ea3i xin, h\u1ed3 s\u01a1 v\u00e0 tr\u00ecnh t\u1ef1 th\u1ee7 t\u1ee5c m\u1edbi nh\u1ea5t<\/a>\n\t<\/h4>\n<\/div><!-- Entry Title -->\n<!-- Entry Button --><div class=\"entry-button wdt-core-button\"><a href=\"https:\/\/www.dnp-law.com\/vi\/giay-phep-kinh-doanh-theo-nghi-dinh-09-2018-nd-cp-truong-hop-phai-xin-ho-so-va-trinh-tu-thu-tuc-moi-nhat\/\" title=\"Gi\u1ea5y ph\u00e9p kinh doanh theo Ngh\u1ecb \u0111\u1ecbnh 09\/2018\/N\u0110-CP: Tr\u01b0\u1eddng h\u1ee3p ph\u1ea3i xin, h\u1ed3 s\u01a1 v\u00e0 tr\u00ecnh t\u1ef1 th\u1ee7 t\u1ee5c m\u1edbi nh\u1ea5t\" class=\"wdt-button\">Xem th\u00eam<span><svg xmlns=\"http:\/\/www.w3.org\/2000\/svg\" xmlns:xlink=\"http:\/\/www.w3.org\/1999\/xlink\" x=\"0px\" y=\"0px\" viewBox=\"0 0 100 59\" style=\"enable-background:new 0 0 100 59;\" xml:space=\"preserve\"><polygon points=\"59.9,6.1 79.4,25.7 6,25.7 6,33.3 79.4,33.3 59.9,52.9 65.3,58.2 94,29.5 65.3,0.8 \"><\/polygon><\/svg><\/span><\/a><\/div><!-- Entry Button --><\/article><\/div><div class=\" entry-list-layout wdt-simple-style entry-left-thumb wdt-fadeinleft-hover wdt-default-overlay column wdt-one-column wdt-post-entry  \"><article id=\"post-6463\" class=\"post-6463 post type-post status-publish format-standard has-post-thumbnail hentry category-an-pham category-tai-lieu blog-entry\">\n\n\n\t<!-- Featured Image -->\n\t<div class=\"entry-thumb\">\n\t\t\n<div class=\"blog-image\"><a style=background-image:url(https:\/\/www.dnp-law.com\/vi\/wp-content\/uploads\/2026\/04\/bia-mau-1.png) href=\"https:\/\/www.dnp-law.com\/vi\/quy-trinh-dang-ky-quyen-tac-gia-tai-viet-nam-ho-so-va-thoi-gian-xu-ly\/\" title=\"Permalink to Quy tr\u00ecnh \u0111\u0103ng k\u00fd quy\u1ec1n t\u00e1c gi\u1ea3 t\u1ea1i Vi\u1ec7t Nam: H\u1ed3 s\u01a1 v\u00e0 th\u1eddi gian x\u1eed l\u00fd\"><\/a><\/div>\n        <\/div><!-- Featured Image --><div class=\"entry-meta-group\">\r\n<!-- Entry Date -->\r\n<div class=\"entry-date\">\r\n\t<!-- <i class=\"wdticon-calendar\"> <\/i> -->\r\n\t10 Th\u00e1ng 4, 2026<\/div><!-- Entry Date -->\n<!-- Entry Author -->\n<div class=\"entry-author\">\n    <i class=\"wdticon-user\"> <\/i>\n    <a href=\"https:\/\/www.dnp-law.com\/vi\/author\/admin\/\"\n        title=\"View all posts by admin\">admin<\/a>\n<\/div><!-- Entry Author --><\/div>\n<!-- Entry Title -->\n<div class=\"entry-title\">\n\t<h4>    \t<a href=\"https:\/\/www.dnp-law.com\/vi\/quy-trinh-dang-ky-quyen-tac-gia-tai-viet-nam-ho-so-va-thoi-gian-xu-ly\/\" title=\"Permalink to Quy tr\u00ecnh \u0111\u0103ng k\u00fd quy\u1ec1n t\u00e1c gi\u1ea3 t\u1ea1i Vi\u1ec7t Nam: H\u1ed3 s\u01a1 v\u00e0 th\u1eddi gian x\u1eed l\u00fd\">Quy tr\u00ecnh \u0111\u0103ng k\u00fd quy\u1ec1n t\u00e1c gi\u1ea3 t\u1ea1i Vi\u1ec7t Nam: H\u1ed3 s\u01a1 v\u00e0 th\u1eddi gian x\u1eed l\u00fd<\/a>\n\t<\/h4>\n<\/div><!-- Entry Title -->\n<!-- Entry Button --><div class=\"entry-button wdt-core-button\"><a href=\"https:\/\/www.dnp-law.com\/vi\/quy-trinh-dang-ky-quyen-tac-gia-tai-viet-nam-ho-so-va-thoi-gian-xu-ly\/\" title=\"Quy tr\u00ecnh \u0111\u0103ng k\u00fd quy\u1ec1n t\u00e1c gi\u1ea3 t\u1ea1i Vi\u1ec7t Nam: H\u1ed3 s\u01a1 v\u00e0 th\u1eddi gian x\u1eed l\u00fd\" class=\"wdt-button\">Xem th\u00eam<span><svg xmlns=\"http:\/\/www.w3.org\/2000\/svg\" xmlns:xlink=\"http:\/\/www.w3.org\/1999\/xlink\" x=\"0px\" y=\"0px\" viewBox=\"0 0 100 59\" style=\"enable-background:new 0 0 100 59;\" xml:space=\"preserve\"><polygon points=\"59.9,6.1 79.4,25.7 6,25.7 6,33.3 79.4,33.3 59.9,52.9 65.3,58.2 94,29.5 65.3,0.8 \"><\/polygon><\/svg><\/span><\/a><\/div><!-- Entry Button --><\/article><\/div><\/div><\/div>\t\t<\/div>\n\t\t\t\t<\/div>\n\t\t\t\t\t<\/div>\n\t\t<\/div>\n\t\t\t\t\t<\/div>\n\t\t<\/section>\n\t\t\t\t<\/div>\n\t\t","protected":false},"excerpt":{"rendered":"<p>25 Th\u00e1ng T\u01b0, 2024 admin ESG t\u1ea1i khu v\u1ef1c Ch\u00e2u \u00c1 \u2013 Th\u00e1i B\u00ecnh D\u01b0\u01a1ng | Slaughter and May | 2023 Xem th\u00eam<\/p>\n","protected":false},"author":2,"featured_media":0,"parent":257,"menu_order":0,"comment_status":"closed","ping_status":"closed","template":"","meta":{"footnotes":""},"class_list":["post-849","page","type-page","status-publish","hentry","blog-entry","format-standard"],"yoast_head":"<!-- This site is optimized with the Yoast SEO Premium plugin v20.12 (Yoast SEO v20.12) - https:\/\/yoast.com\/wordpress\/plugins\/seo\/ -->\n<title>\u1ea4n ph\u1ea9m - C\u00f4ng ty Lu\u1eadt DNP Vi\u1ec7t Nam<\/title>\n<meta name=\"robots\" content=\"index, follow, max-snippet:-1, max-image-preview:large, max-video-preview:-1\" \/>\n<link rel=\"canonical\" href=\"https:\/\/www.dnp-law.com\/vi\/tai-nguyen\/an-pham\/\" \/>\n<meta property=\"og:locale\" content=\"vi_VN\" \/>\n<meta property=\"og:type\" content=\"article\" \/>\n<meta property=\"og:title\" content=\"\u1ea4n ph\u1ea9m\" \/>\n<meta property=\"og:description\" content=\"25 Th\u00e1ng T\u01b0, 2024 admin ESG t\u1ea1i khu v\u1ef1c Ch\u00e2u \u00c1 \u2013 Th\u00e1i B\u00ecnh D\u01b0\u01a1ng | Slaughter and May | 2023 Xem th\u00eam\" \/>\n<meta property=\"og:url\" content=\"https:\/\/www.dnp-law.com\/vi\/tai-nguyen\/an-pham\/\" \/>\n<meta property=\"og:site_name\" content=\"C\u00f4ng ty Lu\u1eadt DNP Vi\u1ec7t Nam\" \/>\n<meta property=\"article:modified_time\" content=\"2024-10-20T14:49:59+00:00\" \/>\n<meta name=\"twitter:card\" content=\"summary_large_image\" \/>\n<script type=\"application\/ld+json\" class=\"yoast-schema-graph\">{\"@context\":\"https:\/\/schema.org\",\"@graph\":[{\"@type\":\"WebPage\",\"@id\":\"https:\/\/www.dnp-law.com\/vi\/tai-nguyen\/an-pham\/\",\"url\":\"https:\/\/www.dnp-law.com\/vi\/tai-nguyen\/an-pham\/\",\"name\":\"\u1ea4n ph\u1ea9m - C\u00f4ng ty Lu\u1eadt DNP Vi\u1ec7t Nam\",\"isPartOf\":{\"@id\":\"https:\/\/www.dnp-law.com\/vi\/#website\"},\"datePublished\":\"2023-06-27T05:11:12+00:00\",\"dateModified\":\"2024-10-20T14:49:59+00:00\",\"breadcrumb\":{\"@id\":\"https:\/\/www.dnp-law.com\/vi\/tai-nguyen\/an-pham\/#breadcrumb\"},\"inLanguage\":\"vi\",\"potentialAction\":[{\"@type\":\"ReadAction\",\"target\":[\"https:\/\/www.dnp-law.com\/vi\/tai-nguyen\/an-pham\/\"]}]},{\"@type\":\"BreadcrumbList\",\"@id\":\"https:\/\/www.dnp-law.com\/vi\/tai-nguyen\/an-pham\/#breadcrumb\",\"itemListElement\":[{\"@type\":\"ListItem\",\"position\":1,\"name\":\"Trang ch\u1ee7\",\"item\":\"https:\/\/www.dnp-law.com\/vi\/\"},{\"@type\":\"ListItem\",\"position\":2,\"name\":\"T\u00e0i nguy\u00ean\",\"item\":\"https:\/\/www.dnp-law.com\/vi\/tai-nguyen\/\"},{\"@type\":\"ListItem\",\"position\":3,\"name\":\"\u1ea4n ph\u1ea9m\"}]},{\"@type\":\"WebSite\",\"@id\":\"https:\/\/www.dnp-law.com\/vi\/#website\",\"url\":\"https:\/\/www.dnp-law.com\/vi\/\",\"name\":\"C\u00f4ng ty Lu\u1eadt DNP Vi\u1ec7t Nam\",\"description\":\"\",\"publisher\":{\"@id\":\"https:\/\/www.dnp-law.com\/vi\/#organization\"},\"potentialAction\":[{\"@type\":\"SearchAction\",\"target\":{\"@type\":\"EntryPoint\",\"urlTemplate\":\"https:\/\/www.dnp-law.com\/vi\/?s={search_term_string}\"},\"query-input\":\"required name=search_term_string\"}],\"inLanguage\":\"vi\"},{\"@type\":\"Organization\",\"@id\":\"https:\/\/www.dnp-law.com\/vi\/#organization\",\"name\":\"C\u00f4ng ty Lu\u1eadt DNP Vi\u1ec7t Nam\",\"url\":\"https:\/\/www.dnp-law.com\/vi\/\",\"logo\":{\"@type\":\"ImageObject\",\"inLanguage\":\"vi\",\"@id\":\"https:\/\/www.dnp-law.com\/vi\/#\/schema\/logo\/image\/\",\"url\":\"https:\/\/www.dnp-law.com\/vi\/wp-content\/uploads\/2024\/06\/Logo-The-Lux-chinh-thuc-black.svg\",\"contentUrl\":\"https:\/\/www.dnp-law.com\/vi\/wp-content\/uploads\/2024\/06\/Logo-The-Lux-chinh-thuc-black.svg\",\"caption\":\"C\u00f4ng ty Lu\u1eadt DNP Vi\u1ec7t Nam\"},\"image\":{\"@id\":\"https:\/\/www.dnp-law.com\/vi\/#\/schema\/logo\/image\/\"}}]}<\/script>\n<!-- \/ Yoast SEO Premium plugin. -->","yoast_head_json":{"title":"\u1ea4n ph\u1ea9m - C\u00f4ng ty Lu\u1eadt DNP Vi\u1ec7t Nam","robots":{"index":"index","follow":"follow","max-snippet":"max-snippet:-1","max-image-preview":"max-image-preview:large","max-video-preview":"max-video-preview:-1"},"canonical":"https:\/\/www.dnp-law.com\/vi\/tai-nguyen\/an-pham\/","og_locale":"vi_VN","og_type":"article","og_title":"\u1ea4n ph\u1ea9m","og_description":"25 Th\u00e1ng T\u01b0, 2024 admin ESG t\u1ea1i khu v\u1ef1c Ch\u00e2u \u00c1 \u2013 Th\u00e1i B\u00ecnh D\u01b0\u01a1ng | Slaughter and May | 2023 Xem th\u00eam","og_url":"https:\/\/www.dnp-law.com\/vi\/tai-nguyen\/an-pham\/","og_site_name":"C\u00f4ng ty Lu\u1eadt DNP Vi\u1ec7t Nam","article_modified_time":"2024-10-20T14:49:59+00:00","twitter_card":"summary_large_image","schema":{"@context":"https:\/\/schema.org","@graph":[{"@type":"WebPage","@id":"https:\/\/www.dnp-law.com\/vi\/tai-nguyen\/an-pham\/","url":"https:\/\/www.dnp-law.com\/vi\/tai-nguyen\/an-pham\/","name":"\u1ea4n ph\u1ea9m - C\u00f4ng ty Lu\u1eadt DNP Vi\u1ec7t Nam","isPartOf":{"@id":"https:\/\/www.dnp-law.com\/vi\/#website"},"datePublished":"2023-06-27T05:11:12+00:00","dateModified":"2024-10-20T14:49:59+00:00","breadcrumb":{"@id":"https:\/\/www.dnp-law.com\/vi\/tai-nguyen\/an-pham\/#breadcrumb"},"inLanguage":"vi","potentialAction":[{"@type":"ReadAction","target":["https:\/\/www.dnp-law.com\/vi\/tai-nguyen\/an-pham\/"]}]},{"@type":"BreadcrumbList","@id":"https:\/\/www.dnp-law.com\/vi\/tai-nguyen\/an-pham\/#breadcrumb","itemListElement":[{"@type":"ListItem","position":1,"name":"Trang ch\u1ee7","item":"https:\/\/www.dnp-law.com\/vi\/"},{"@type":"ListItem","position":2,"name":"T\u00e0i nguy\u00ean","item":"https:\/\/www.dnp-law.com\/vi\/tai-nguyen\/"},{"@type":"ListItem","position":3,"name":"\u1ea4n ph\u1ea9m"}]},{"@type":"WebSite","@id":"https:\/\/www.dnp-law.com\/vi\/#website","url":"https:\/\/www.dnp-law.com\/vi\/","name":"C\u00f4ng ty Lu\u1eadt DNP Vi\u1ec7t Nam","description":"","publisher":{"@id":"https:\/\/www.dnp-law.com\/vi\/#organization"},"potentialAction":[{"@type":"SearchAction","target":{"@type":"EntryPoint","urlTemplate":"https:\/\/www.dnp-law.com\/vi\/?s={search_term_string}"},"query-input":"required name=search_term_string"}],"inLanguage":"vi"},{"@type":"Organization","@id":"https:\/\/www.dnp-law.com\/vi\/#organization","name":"C\u00f4ng ty Lu\u1eadt DNP Vi\u1ec7t Nam","url":"https:\/\/www.dnp-law.com\/vi\/","logo":{"@type":"ImageObject","inLanguage":"vi","@id":"https:\/\/www.dnp-law.com\/vi\/#\/schema\/logo\/image\/","url":"https:\/\/www.dnp-law.com\/vi\/wp-content\/uploads\/2024\/06\/Logo-The-Lux-chinh-thuc-black.svg","contentUrl":"https:\/\/www.dnp-law.com\/vi\/wp-content\/uploads\/2024\/06\/Logo-The-Lux-chinh-thuc-black.svg","caption":"C\u00f4ng ty Lu\u1eadt DNP Vi\u1ec7t Nam"},"image":{"@id":"https:\/\/www.dnp-law.com\/vi\/#\/schema\/logo\/image\/"}}]}},"_links":{"self":[{"href":"https:\/\/www.dnp-law.com\/vi\/wp-json\/wp\/v2\/pages\/849","targetHints":{"allow":["GET"]}}],"collection":[{"href":"https:\/\/www.dnp-law.com\/vi\/wp-json\/wp\/v2\/pages"}],"about":[{"href":"https:\/\/www.dnp-law.com\/vi\/wp-json\/wp\/v2\/types\/page"}],"author":[{"embeddable":true,"href":"https:\/\/www.dnp-law.com\/vi\/wp-json\/wp\/v2\/users\/2"}],"replies":[{"embeddable":true,"href":"https:\/\/www.dnp-law.com\/vi\/wp-json\/wp\/v2\/comments?post=849"}],"version-history":[{"count":1,"href":"https:\/\/www.dnp-law.com\/vi\/wp-json\/wp\/v2\/pages\/849\/revisions"}],"predecessor-version":[{"id":5028,"href":"https:\/\/www.dnp-law.com\/vi\/wp-json\/wp\/v2\/pages\/849\/revisions\/5028"}],"up":[{"embeddable":true,"href":"https:\/\/www.dnp-law.com\/vi\/wp-json\/wp\/v2\/pages\/257"}],"wp:attachment":[{"href":"https:\/\/www.dnp-law.com\/vi\/wp-json\/wp\/v2\/media?parent=849"}],"curies":[{"name":"wp","href":"https:\/\/api.w.org\/{rel}","templated":true}]}}